{"id":28,"date":"2026-05-12T11:51:26","date_gmt":"2026-05-12T09:51:26","guid":{"rendered":"http:\/\/sfpartner.pl\/?page_id=28"},"modified":"2026-05-12T12:03:36","modified_gmt":"2026-05-12T10:03:36","slug":"o-mnie","status":"publish","type":"page","link":"https:\/\/sfpartner.pl\/index.php\/o-mnie\/","title":{"rendered":"O mnie"},"content":{"rendered":"\n<p>Nazywam si\u0119 Miko\u0142aj Ilski. Posiadam wieloletnie do\u015bwiadczenie w obszarze utrzymania ruchu, infrastruktury technicznej oraz automatyki w firmach produkcyjnych. Specjalizuj\u0119 si\u0119 we wdra\u017caniu system\u00f3w klasy EAM i BMS, kt\u00f3re usprawniaj\u0105 procesy operacyjne, zwi\u0119kszaj\u0105 efektywno\u015b\u0107 oraz redukuj\u0105 koszty utrzymania infrastruktury.<\/p>\n\n\n\n<p>\u0141\u0105cz\u0119 wiedz\u0119 techniczn\u0105 z praktycznym wykorzystaniem nowoczesnych technologii, automatyki i analizy danych. Tworz\u0119 rozwi\u0105zania, kt\u00f3re realnie wspieraj\u0105 rozw\u00f3j przedsi\u0119biorstw i poprawiaj\u0105 niezawodno\u015b\u0107 proces\u00f3w.<\/p>\n\n\n\n<hr class=\"wp-block-separator has-alpha-channel-opacity\"\/>\n\n\n\n<h2 class=\"wp-block-heading\">Wsp\u00f3\u0142praca<\/h2>\n\n\n\n<p>Stawiam na partnersk\u0105 wsp\u00f3\u0142prac\u0119 opart\u0105 na zaanga\u017cowaniu, transparentno\u015bci i skuteczno\u015bci dzia\u0142ania. Ka\u017cdy projekt traktuj\u0119 indywidualnie, koncentruj\u0105c si\u0119 na dostarczaniu praktycznych i trwa\u0142ych rezultat\u00f3w.<\/p>\n","protected":false},"excerpt":{"rendered":"<p>Nazywam si\u0119 Miko\u0142aj Ilski. Posiadam wieloletnie do\u015bwiadczenie w obszarze utrzymania ruchu, infrastruktury technicznej oraz automatyki w firmach produkcyjnych. Specjalizuj\u0119 si\u0119 we wdra\u017caniu system\u00f3w klasy EAM i BMS, kt\u00f3re usprawniaj\u0105 procesy operacyjne, zwi\u0119kszaj\u0105 efektywno\u015b\u0107 oraz redukuj\u0105 koszty utrzymania infrastruktury. \u0141\u0105cz\u0119 wiedz\u0119 techniczn\u0105 z praktycznym wykorzystaniem nowoczesnych technologii, automatyki i analizy danych. Tworz\u0119 rozwi\u0105zania, kt\u00f3re realnie wspieraj\u0105&hellip;<\/p>\n<p class=\"more-link\"><a href=\"https:\/\/sfpartner.pl\/index.php\/o-mnie\/\" class=\"themebutton2\">Read More<\/a><\/p>\n","protected":false},"author":1,"featured_media":0,"parent":0,"menu_order":0,"comment_status":"closed","ping_status":"closed","template":"","meta":{"footnotes":""},"class_list":["post-28","page","type-page","status-publish","hentry"],"_links":{"self":[{"href":"https:\/\/sfpartner.pl\/index.php\/wp-json\/wp\/v2\/pages\/28","targetHints":{"allow":["GET"]}}],"collection":[{"href":"https:\/\/sfpartner.pl\/index.php\/wp-json\/wp\/v2\/pages"}],"about":[{"href":"https:\/\/sfpartner.pl\/index.php\/wp-json\/wp\/v2\/types\/page"}],"author":[{"embeddable":true,"href":"https:\/\/sfpartner.pl\/index.php\/wp-json\/wp\/v2\/users\/1"}],"replies":[{"embeddable":true,"href":"https:\/\/sfpartner.pl\/index.php\/wp-json\/wp\/v2\/comments?post=28"}],"version-history":[{"count":2,"href":"https:\/\/sfpartner.pl\/index.php\/wp-json\/wp\/v2\/pages\/28\/revisions"}],"predecessor-version":[{"id":34,"href":"https:\/\/sfpartner.pl\/index.php\/wp-json\/wp\/v2\/pages\/28\/revisions\/34"}],"wp:attachment":[{"href":"https:\/\/sfpartner.pl\/index.php\/wp-json\/wp\/v2\/media?parent=28"}],"curies":[{"name":"wp","href":"https:\/\/api.w.org\/{rel}","templated":true}]}}